{"id":87,"date":"2025-12-06T23:37:25","date_gmt":"2025-12-06T22:37:25","guid":{"rendered":"https:\/\/howmuchlabs.com\/integration-transparente-de-zabun-avec-wordpress-pour-votre-entreprise\/"},"modified":"2025-12-14T15:04:03","modified_gmt":"2025-12-14T14:04:03","slug":"integration-transparente-de-zabun-avec-wordpress-pour-votre-entreprise","status":"publish","type":"page","link":"https:\/\/howmuchlabs.com\/fr\/integration-transparente-de-zabun-avec-wordpress-pour-votre-entreprise\/","title":{"rendered":"Int\u00e9gration transparente de Zabun avec WordPress pour votre entreprise"},"content":{"rendered":"\n<p class=\"is-style-text-subtitle is-style-text-subtitle--1\">Connectez <a href=\"https:\/\/zabun.be\/\" target=\"_blank\" rel=\"noopener\" title=\"\">Zabun<\/a> \u00e0 <a href=\"https:\/\/wordpress.org\/\" target=\"_blank\" rel=\"noopener\" title=\"\">WordPress<\/a> pour synchroniser les biens, les statuts de transaction et les contacts \u2014 automatiquement et de mani\u00e8re fiable.<\/p>\n\n<p><a href=\"https:\/\/www.upwork.com\/services\/product\/development-it-aleksandar-1997340657706589563?ref=project_share\" data-type=\"link\" data-id=\"https:\/\/www.upwork.com\/services\/product\/development-it-aleksandar-1997340657706589563?ref=project_share\" target=\"_blank\" rel=\"noreferrer noopener nofollow\">Demander une consultation<\/a><\/p>\n\n<h2 class=\"wp-block-heading\"><strong>Probl\u00e8me &amp; solution<\/strong><\/h2>\n\n<p class=\"is-style-default\">G\u00e9rer s\u00e9par\u00e9ment votre site web et vos donn\u00e9es commerciales fait perdre du temps et augmente le risque d\u2019erreurs.<\/p>\n\n<p>Gr\u00e2ce \u00e0 une int\u00e9gration <a href=\"https:\/\/zabun.be\/\" target=\"_blank\" rel=\"noopener\" title=\"\">Zabun<\/a> sur mesure, <a href=\"https:\/\/wordpress.org\/\" target=\"_blank\" rel=\"noopener\" title=\"\">WordPress<\/a> et <a href=\"https:\/\/zabun.be\/\" target=\"_blank\" rel=\"noopener\" title=\"\">Zabun<\/a> communiquent en continu \u2014 garantissant des informations pr\u00e9cises sur les biens, des mises \u00e0 jour plus rapides et des flux de travail plus fluides.<\/p>\n\n<h2 class=\"wp-block-heading\">Benefits<\/h2>\n\n<ul class=\"wp-block-list\">\n<li>Synchronisation des biens en temps r\u00e9el<\/li>\n\n\n\n<li>Transfert automatique des contacts vers <a href=\"https:\/\/zabun.be\/\" target=\"_blank\" rel=\"noopener\" title=\"\">Zabun<\/a><\/li>\n\n\n\n<li>Mises \u00e0 jour plus rapides, moins d\u2019erreurs<\/li>\n\n\n\n<li>Configuration d\u2019API personnalis\u00e9e, adapt\u00e9e \u00e0 votre flux de travail<\/li>\n<\/ul>\n\n<h2 class=\"wp-block-heading\">Comment \u00e7a fonctionne<\/h2>\n\n<ol class=\"wp-block-list\">\n<li>Nous analysons votre configuration actuelle de <a href=\"https:\/\/zabun.be\/\" target=\"_blank\" rel=\"noopener\" title=\"\">Zabun<\/a> et <a href=\"https:\/\/wordpress.org\/\" target=\"_blank\" rel=\"noopener\" title=\"\">WordPress<\/a><\/li>\n\n\n\n<li>Nous concevons et mettons en \u0153uvre l\u2019int\u00e9gration<\/li>\n\n\n\n<li>Vous profitez d\u2019une automatisation fluide et d\u2019un support fiable<\/li>\n<\/ol>\n\n<h2 class=\"wp-block-heading\">Pr\u00eat \u00e0 automatiser votre activit\u00e9 ?<\/h2>\n\n<p>Parlons-en !<\/p>\n\n<p><a href=\"https:\/\/www.upwork.com\/services\/product\/development-it-a-wordpress-integration-with-zabun-real-estate-crm-1997328121641240835?ref=project_share\" data-type=\"link\" data-id=\"https:\/\/www.upwork.com\/services\/product\/development-it-a-wordpress-integration-with-zabun-real-estate-crm-1997328121641240835?ref=project_share\" target=\"_blank\" rel=\"noreferrer noopener nofollow\">Engagez-moi sur Upwork<\/a><\/p>\n\n<p><a href=\"https:\/\/www.linkedin.com\/in\/ajakov\/\" data-type=\"link\" data-id=\"https:\/\/www.linkedin.com\/in\/ajakov\/\" target=\"_blank\" rel=\"noreferrer noopener nofollow\">Contactez-moi sur LinkedIn<\/a><\/p>\n\n<p><\/p>\n","protected":false},"excerpt":{"rendered":"<p>Connectez Zabun \u00e0 WordPress pour synchroniser les biens, les statuts de transaction et les contacts \u2014 automatiquement et de mani\u00e8re fiable. Demander une consultation Probl\u00e8me &amp; solution G\u00e9rer s\u00e9par\u00e9ment votre site web et vos donn\u00e9es commerciales fait perdre du temps et augmente le risque d\u2019erreurs. Gr\u00e2ce \u00e0 une int\u00e9gration Zabun sur mesure, WordPress et Zabun [&hellip;]<\/p>\n","protected":false},"author":1,"featured_media":0,"parent":0,"menu_order":0,"comment_status":"closed","ping_status":"closed","template":"","meta":{"footnotes":""},"class_list":["post-87","page","type-page","status-publish","hentry"],"aioseo_notices":[],"_links":{"self":[{"href":"https:\/\/howmuchlabs.com\/fr\/wp-json\/wp\/v2\/pages\/87","targetHints":{"allow":["GET"]}}],"collection":[{"href":"https:\/\/howmuchlabs.com\/fr\/wp-json\/wp\/v2\/pages"}],"about":[{"href":"https:\/\/howmuchlabs.com\/fr\/wp-json\/wp\/v2\/types\/page"}],"author":[{"embeddable":true,"href":"https:\/\/howmuchlabs.com\/fr\/wp-json\/wp\/v2\/users\/1"}],"replies":[{"embeddable":true,"href":"https:\/\/howmuchlabs.com\/fr\/wp-json\/wp\/v2\/comments?post=87"}],"version-history":[{"count":1,"href":"https:\/\/howmuchlabs.com\/fr\/wp-json\/wp\/v2\/pages\/87\/revisions"}],"predecessor-version":[{"id":89,"href":"https:\/\/howmuchlabs.com\/fr\/wp-json\/wp\/v2\/pages\/87\/revisions\/89"}],"wp:attachment":[{"href":"https:\/\/howmuchlabs.com\/fr\/wp-json\/wp\/v2\/media?parent=87"}],"curies":[{"name":"wp","href":"https:\/\/api.w.org\/{rel}","templated":true}]}}