{"id":66,"date":"2025-05-25T17:24:09","date_gmt":"2025-05-25T15:24:09","guid":{"rendered":"https:\/\/howmuchlabs.com\/how-much-labs\/"},"modified":"2025-12-14T11:07:08","modified_gmt":"2025-12-14T10:07:08","slug":"how-much-labs","status":"publish","type":"page","link":"https:\/\/howmuchlabs.com\/fr\/","title":{"rendered":"HOW MUCH Labs"},"content":{"rendered":"\n<p>Nous concevons, construisons et mettons \u00e0 l&rsquo;\u00e9chelle des plateformes web fiables qui alimentent de v\u00e9ritables entreprises. Des solutions WordPress personnalis\u00e9es aux syst\u00e8mes SaaS complexes et aux int\u00e9grations API &#8211; HOW MUCH Labs fournit un code propre, une architecture stable et des r\u00e9sultats mesurables.<\/p>\n\n<h2 class=\"wp-block-heading\"><strong>Ce que nous faisons<\/strong><\/h2>\n\n<p>Nous aidons les entreprises en croissance \u00e0 transformer leurs id\u00e9es en produits num\u00e9riques rapides, s\u00e9curis\u00e9s et \u00e9volutifs.<\/p>\n\n<h3 class=\"wp-block-heading\"><strong>D\u00e9veloppement Web sur Mesure<\/strong><\/h3>\n\n<p>Des sites web, des plateformes et des outils internes personnalis\u00e9s de haute qualit\u00e9, con\u00e7us dans une optique de performance et d&rsquo;\u00e9volutivit\u00e9.<\/p>\n\n<h3 class=\"wp-block-heading\"><strong>WordPress et WooCommerce<\/strong><\/h3>\n\n<p>Solutions WordPress avanc\u00e9es, th\u00e8mes personnalis\u00e9s, plugins, configurations headless et boutiques WooCommerce \u00e0 fort trafic.<\/p>\n\n<h3 class=\"wp-block-heading\"><strong>D\u00e9veloppement SaaS et API<\/strong><\/h3>\n\n<p>Syst\u00e8mes backend robustes, API REST et GraphQL, int\u00e9grations tierces et plateformes SaaS construites avec une architecture propre.<\/p>\n\n<h3 class=\"wp-block-heading\"><strong>Performance et S\u00e9curit\u00e9<\/strong><\/h3>\n\n<p>Optimisation de la vitesse, strat\u00e9gies de mise en cache, renforcement des serveurs et meilleures pratiques de s\u00e9curit\u00e9.<\/p>\n\n<h3 class=\"wp-block-heading\"><strong>DevOps et Infrastructure<\/strong><\/h3>\n\n<p>Docker, pipelines CI\/CD, d\u00e9ploiements cloud (AWS, Azure), surveillance et mise \u00e0 l&rsquo;\u00e9chelle automatis\u00e9e.<\/p>\n","protected":false},"excerpt":{"rendered":"<p>Nous concevons, construisons et mettons \u00e0 l&rsquo;\u00e9chelle des plateformes web fiables qui alimentent de v\u00e9ritables entreprises. Des solutions WordPress personnalis\u00e9es aux syst\u00e8mes SaaS complexes et aux int\u00e9grations API &#8211; HOW MUCH Labs fournit un code propre, une architecture stable et des r\u00e9sultats mesurables. Ce que nous faisons Nous aidons les entreprises en croissance \u00e0 transformer [&hellip;]<\/p>\n","protected":false},"author":1,"featured_media":0,"parent":0,"menu_order":0,"comment_status":"closed","ping_status":"open","template":"","meta":{"footnotes":""},"class_list":["post-66","page","type-page","status-publish","hentry"],"aioseo_notices":[],"_links":{"self":[{"href":"https:\/\/howmuchlabs.com\/fr\/wp-json\/wp\/v2\/pages\/66","targetHints":{"allow":["GET"]}}],"collection":[{"href":"https:\/\/howmuchlabs.com\/fr\/wp-json\/wp\/v2\/pages"}],"about":[{"href":"https:\/\/howmuchlabs.com\/fr\/wp-json\/wp\/v2\/types\/page"}],"author":[{"embeddable":true,"href":"https:\/\/howmuchlabs.com\/fr\/wp-json\/wp\/v2\/users\/1"}],"replies":[{"embeddable":true,"href":"https:\/\/howmuchlabs.com\/fr\/wp-json\/wp\/v2\/comments?post=66"}],"version-history":[{"count":1,"href":"https:\/\/howmuchlabs.com\/fr\/wp-json\/wp\/v2\/pages\/66\/revisions"}],"predecessor-version":[{"id":68,"href":"https:\/\/howmuchlabs.com\/fr\/wp-json\/wp\/v2\/pages\/66\/revisions\/68"}],"wp:attachment":[{"href":"https:\/\/howmuchlabs.com\/fr\/wp-json\/wp\/v2\/media?parent=66"}],"curies":[{"name":"wp","href":"https:\/\/api.w.org\/{rel}","templated":true}]}}